{"id":163,"date":"2020-04-18T09:49:13","date_gmt":"2020-04-18T07:49:13","guid":{"rendered":"https:\/\/comquat.at\/?page_id=163"},"modified":"2023-10-23T08:11:08","modified_gmt":"2023-10-23T06:11:08","slug":"impressum","status":"publish","type":"page","link":"https:\/\/comquat.at\/en\/impressum\/","title":{"rendered":"Imprint"},"content":{"rendered":"<div data-elementor-type=\"wp-page\" data-elementor-id=\"163\" class=\"elementor elementor-163\">\n\t\t\t\t\t\t<section class=\"elementor-section elementor-top-section elementor-element elementor-element-1b9b664 elementor-section-boxed elementor-section-height-default elementor-section-height-default\" data-id=\"1b9b664\" data-element_type=\"section\" data-e-type=\"section\" data-settings=\"{&quot;background_background&quot;:&quot;classic&quot;}\">\n\t\t\t\t\t\t<div class=\"elementor-container elementor-column-gap-default\">\n\t\t\t\t\t<div class=\"elementor-column elementor-col-100 elementor-top-column elementor-element elementor-element-a57fe90\" data-id=\"a57fe90\" data-element_type=\"column\" data-e-type=\"column\" data-settings=\"{&quot;background_background&quot;:&quot;classic&quot;}\">\n\t\t\t<div class=\"elementor-widget-wrap elementor-element-populated\">\n\t\t\t\t\t\t<div class=\"elementor-element elementor-element-fd52338 elementor-widget elementor-widget-heading\" data-id=\"fd52338\" data-element_type=\"widget\" data-e-type=\"widget\" data-widget_type=\"heading.default\">\n\t\t\t\t\t<h1 class=\"elementor-heading-title elementor-size-default\">Imprint<\/h1>\t\t\t\t<\/div>\n\t\t\t\t<div class=\"elementor-element elementor-element-10ee5a6 elementor-widget elementor-widget-text-editor\" data-id=\"10ee5a6\" data-element_type=\"widget\" data-e-type=\"widget\" data-widget_type=\"text-editor.default\">\n\t\t\t\t\t\t\t\t\t<p>Mag. (FH) Christina\u00a0 Oehler<br \/>Comquat Communications<\/p><p>Agency for advertising and market communication<br \/>Sole proprietorship<br \/>VAT number: ATU76402705<\/p><p>M\u00fchlstra\u00dfe 11\/3, 7141 Podersdorf am See<br \/>Phone: +43 6991 920 70 75<br \/>Email: <a href=\"mailto:office@comquat.at\">office@comquat.at<\/a><\/p><p>Member of the Institute of Advertising Industry and Market Communication of the Viennese Chamber of Commerce<\/p>\t\t\t\t\t\t\t\t<\/div>\n\t\t\t\t<div class=\"elementor-element elementor-element-1743edc elementor-widget elementor-widget-toggle\" data-id=\"1743edc\" data-element_type=\"widget\" data-e-type=\"widget\" data-widget_type=\"toggle.default\">\n\t\t\t\t\t\t\t<div class=\"elementor-toggle\">\n\t\t\t\t\t\t\t<div class=\"elementor-toggle-item\">\n\t\t\t\t\t<div id=\"elementor-tab-title-2431\" class=\"elementor-tab-title\" data-tab=\"1\" role=\"button\" aria-controls=\"elementor-tab-content-2431\" aria-expanded=\"false\">\n\t\t\t\t\t\t\t\t\t\t\t\t<span class=\"elementor-toggle-icon elementor-toggle-icon-left\" aria-hidden=\"true\">\n\t\t\t\t\t\t\t\t\t\t\t\t\t\t\t<span class=\"elementor-toggle-icon-closed\"><svg class=\"e-font-icon-svg e-fas-caret-right\" viewbox=\"0 0 192 512\" xmlns=\"http:\/\/www.w3.org\/2000\/svg\"><path d=\"M0 384.662V127.338c0-17.818 21.543-26.741 34.142-14.142l128.662 128.662c7.81 7.81 7.81 20.474 0 28.284L34.142 398.804C21.543 411.404 0 402.48 0 384.662z\"><\/path><\/svg><\/span>\n\t\t\t\t\t\t\t\t<span class=\"elementor-toggle-icon-opened\"><svg class=\"elementor-toggle-icon-opened e-font-icon-svg e-fas-caret-up\" viewbox=\"0 0 320 512\" xmlns=\"http:\/\/www.w3.org\/2000\/svg\"><path d=\"M288.662 352H31.338c-17.818 0-26.741-21.543-14.142-34.142l128.662-128.662c7.81-7.81 20.474-7.81 28.284 0l128.662 128.662c12.6 12.599 3.676 34.142-14.142 34.142z\"><\/path><\/svg><\/span>\n\t\t\t\t\t\t\t\t\t\t\t\t\t<\/span>\n\t\t\t\t\t\t\t\t\t\t\t\t<a class=\"elementor-toggle-title\" tabindex=\"0\">Disclaimer of liability<\/a>\n\t\t\t\t\t<\/div>\n\n\t\t\t\t\t<div id=\"elementor-tab-content-2431\" class=\"elementor-tab-content elementor-clearfix\" data-tab=\"1\" role=\"region\" aria-labelledby=\"elementor-tab-title-2431\"><p><b>Liability for content<\/b><\/p><p>The contents of our pages were created with great care. However, we cannot accept any liability for the correctness, completeness and topicality of the content. As a service provider, we are responsible for our own content on these pages in accordance with general law in accordance with Section 7 (1) of the Austrian Telemedia Act. According to \u00a7\u00a7 8 to 10 TMG, as a service provider, we are not obliged to monitor transmitted or stored third-party information or to investigate circumstances that indicate illegal activity. Obligations to remove or block the use of information in accordance with general laws remain unaffected. Liability in this regard is only possible from the point in time at which we become aware of a specific legal violation. As soon as we become aware of such legal violations, we will remove this content immediately.<\/p><p><b>Liability for links<\/b><\/p><p>Our offer contains links to external third party websites, over whose content we have no influence. Therefore, we cannot accept any liability for this third-party content. The respective provider or operator of the pages is always responsible for the content of the linked pages. The linked pages were checked for possible legal violations at the time they were linked. No illegal content was found at the time the link was created. However, permanent monitoring of the content of the linked pages is not reasonable without concrete evidence of a violation of the law. If we become aware of legal violations, we will remove such links immediately.<\/p><p><b>Copyright<\/b><\/p><p>The content and works on these pages created by the website operator are subject to Austrian copyright law. The duplication, processing, distribution and any kind of exploitation outside the limits of copyright require the written consent of the respective author or creator. Downloads and copies of this website are only permitted for private, non-commercial use. As far as the content on this site was not created by the operator, the copyrights of third parties are observed. In particular contents of third parties are marked as such. Should you nevertheless become aware of a copyright infringement, we would ask you to notify us accordingly. As soon as we become aware of legal violations, we will remove such content immediately.<\/p><\/div>\n\t\t\t\t<\/div>\n\t\t\t\t\t\t\t<div class=\"elementor-toggle-item\">\n\t\t\t\t\t<div id=\"elementor-tab-title-2432\" class=\"elementor-tab-title\" data-tab=\"2\" role=\"button\" aria-controls=\"elementor-tab-content-2432\" aria-expanded=\"false\">\n\t\t\t\t\t\t\t\t\t\t\t\t<span class=\"elementor-toggle-icon elementor-toggle-icon-left\" aria-hidden=\"true\">\n\t\t\t\t\t\t\t\t\t\t\t\t\t\t\t<span class=\"elementor-toggle-icon-closed\"><svg class=\"e-font-icon-svg e-fas-caret-right\" viewbox=\"0 0 192 512\" xmlns=\"http:\/\/www.w3.org\/2000\/svg\"><path d=\"M0 384.662V127.338c0-17.818 21.543-26.741 34.142-14.142l128.662 128.662c7.81 7.81 7.81 20.474 0 28.284L34.142 398.804C21.543 411.404 0 402.48 0 384.662z\"><\/path><\/svg><\/span>\n\t\t\t\t\t\t\t\t<span class=\"elementor-toggle-icon-opened\"><svg class=\"elementor-toggle-icon-opened e-font-icon-svg e-fas-caret-up\" viewbox=\"0 0 320 512\" xmlns=\"http:\/\/www.w3.org\/2000\/svg\"><path d=\"M288.662 352H31.338c-17.818 0-26.741-21.543-14.142-34.142l128.662-128.662c7.81-7.81 20.474-7.81 28.284 0l128.662 128.662c12.6 12.599 3.676 34.142-14.142 34.142z\"><\/path><\/svg><\/span>\n\t\t\t\t\t\t\t\t\t\t\t\t\t<\/span>\n\t\t\t\t\t\t\t\t\t\t\t\t<a class=\"elementor-toggle-title\" tabindex=\"0\">References for image and photo material<\/a>\n\t\t\t\t\t<\/div>\n\n\t\t\t\t\t<div id=\"elementor-tab-content-2432\" class=\"elementor-tab-content elementor-clearfix\" data-tab=\"2\" role=\"region\" aria-labelledby=\"elementor-tab-title-2432\"><ul><li>Home Header: Photo by Christina Oehler | Comquat<\/li><li>Home Portrait: Photo by <a href=\"https:\/\/www.behance.net\/sakurashape\">Martina Habison<\/a><\/li><\/ul><\/div>\n\t\t\t\t<\/div>\n\t\t\t\t\t\t\t<div class=\"elementor-toggle-item\">\n\t\t\t\t\t<div id=\"elementor-tab-title-2433\" class=\"elementor-tab-title\" data-tab=\"3\" role=\"button\" aria-controls=\"elementor-tab-content-2433\" aria-expanded=\"false\">\n\t\t\t\t\t\t\t\t\t\t\t\t<span class=\"elementor-toggle-icon elementor-toggle-icon-left\" aria-hidden=\"true\">\n\t\t\t\t\t\t\t\t\t\t\t\t\t\t\t<span class=\"elementor-toggle-icon-closed\"><svg class=\"e-font-icon-svg e-fas-caret-right\" viewbox=\"0 0 192 512\" xmlns=\"http:\/\/www.w3.org\/2000\/svg\"><path d=\"M0 384.662V127.338c0-17.818 21.543-26.741 34.142-14.142l128.662 128.662c7.81 7.81 7.81 20.474 0 28.284L34.142 398.804C21.543 411.404 0 402.48 0 384.662z\"><\/path><\/svg><\/span>\n\t\t\t\t\t\t\t\t<span class=\"elementor-toggle-icon-opened\"><svg class=\"elementor-toggle-icon-opened e-font-icon-svg e-fas-caret-up\" viewbox=\"0 0 320 512\" xmlns=\"http:\/\/www.w3.org\/2000\/svg\"><path d=\"M288.662 352H31.338c-17.818 0-26.741-21.543-14.142-34.142l128.662-128.662c7.81-7.81 20.474-7.81 28.284 0l128.662 128.662c12.6 12.599 3.676 34.142-14.142 34.142z\"><\/path><\/svg><\/span>\n\t\t\t\t\t\t\t\t\t\t\t\t\t<\/span>\n\t\t\t\t\t\t\t\t\t\t\t\t<a class=\"elementor-toggle-title\" tabindex=\"0\">Information on online dispute resolution<\/a>\n\t\t\t\t\t<\/div>\n\n\t\t\t\t\t<div id=\"elementor-tab-content-2433\" class=\"elementor-tab-content elementor-clearfix\" data-tab=\"3\" role=\"region\" aria-labelledby=\"elementor-tab-title-2433\"><p>Consumers have the opportunity to submit complaints to the EU's online dispute resolution platform:<a href=\"http:\/\/ec.europa.eu\/odr\"> http:\/\/ec.europa.eu\/odr<\/a>. You can also send any complaint to the <a href=\"mailto:office@comquat.at\">email address<\/a> mentioned above.<\/p><\/div>\n\t\t\t\t<\/div>\n\t\t\t\t\t\t\t\t<\/div>\n\t\t\t\t\t\t<\/div>\n\t\t\t\t\t<\/div>\n\t\t<\/div>\n\t\t\t\t\t<\/div>\n\t\t<\/section>\n\t\t\t\t<\/div>","protected":false},"excerpt":{"rendered":"<p>Impressum Mag. (FH) Christina\u00a0 OehlerComquat Communications Agentur f\u00fcr Werbe- und MarktkommunikationEinzelunternehmenUID: ATU76402705 M\u00fchlstra\u00dfe 11\/3, 7141 Podersdorf am SeeTelefon: +43 6991 920 70 75E-Mail: office@comquat.at Mitglied der WKO, Fachgruppe Werbung und Marktkommunikation Haftungsausschluss Haftung f\u00fcr Inhalte Die Inhalte unserer Seiten wurden mit gr\u00f6\u00dfter Sorgfalt erstellt. F\u00fcr die Richtigkeit, Vollst\u00e4ndigkeit und Aktualit\u00e4t der Inhalte k\u00f6nnen wir jedoch [&hellip;]<\/p>\n","protected":false},"author":2,"featured_media":0,"parent":0,"menu_order":0,"comment_status":"closed","ping_status":"closed","template":"elementor_header_footer","meta":{"footnotes":""},"class_list":["post-163","page","type-page","status-publish","hentry"],"yoast_head":"<!-- This site is optimized with the Yoast SEO plugin v27.4 - https:\/\/yoast.com\/product\/yoast-seo-wordpress\/ -->\n<title>Impressum &#8211; Comquat Communications<\/title>\n<meta name=\"robots\" content=\"index, follow, max-snippet:-1, max-image-preview:large, max-video-preview:-1\" \/>\n<link rel=\"canonical\" href=\"https:\/\/comquat.at\/en\/impressum\/\" \/>\n<meta property=\"og:locale\" content=\"en_US\" \/>\n<meta property=\"og:type\" content=\"article\" \/>\n<meta property=\"og:title\" content=\"Impressum &#8211; Comquat Communications\" \/>\n<meta property=\"og:description\" content=\"Impressum Mag. (FH) Christina\u00a0 OehlerComquat Communications Agentur f\u00fcr Werbe- und MarktkommunikationEinzelunternehmenUID: ATU76402705 M\u00fchlstra\u00dfe 11\/3, 7141 Podersdorf am SeeTelefon: +43 6991 920 70 75E-Mail: office@comquat.at Mitglied der WKO, Fachgruppe Werbung und Marktkommunikation Haftungsausschluss Haftung f\u00fcr Inhalte Die Inhalte unserer Seiten wurden mit gr\u00f6\u00dfter Sorgfalt erstellt. F\u00fcr die Richtigkeit, Vollst\u00e4ndigkeit und Aktualit\u00e4t der Inhalte k\u00f6nnen wir jedoch [&hellip;]\" \/>\n<meta property=\"og:url\" content=\"https:\/\/comquat.at\/en\/impressum\/\" \/>\n<meta property=\"og:site_name\" content=\"Comquat Communications\" \/>\n<meta property=\"article:modified_time\" content=\"2023-10-23T06:11:08+00:00\" \/>\n<meta name=\"twitter:card\" content=\"summary_large_image\" \/>\n<meta name=\"twitter:label1\" content=\"Est. reading time\" \/>\n\t<meta name=\"twitter:data1\" content=\"3 minutes\" \/>\n<script type=\"application\/ld+json\" class=\"yoast-schema-graph\">{\"@context\":\"https:\\\/\\\/schema.org\",\"@graph\":[{\"@type\":\"WebPage\",\"@id\":\"https:\\\/\\\/comquat.at\\\/impressum\\\/\",\"url\":\"https:\\\/\\\/comquat.at\\\/impressum\\\/\",\"name\":\"Impressum &#8211; Comquat Communications\",\"isPartOf\":{\"@id\":\"https:\\\/\\\/www.comquat.at\\\/#website\"},\"datePublished\":\"2020-04-18T07:49:13+00:00\",\"dateModified\":\"2023-10-23T06:11:08+00:00\",\"breadcrumb\":{\"@id\":\"https:\\\/\\\/comquat.at\\\/impressum\\\/#breadcrumb\"},\"inLanguage\":\"en-US\",\"potentialAction\":[{\"@type\":\"ReadAction\",\"target\":[\"https:\\\/\\\/comquat.at\\\/impressum\\\/\"]}]},{\"@type\":\"BreadcrumbList\",\"@id\":\"https:\\\/\\\/comquat.at\\\/impressum\\\/#breadcrumb\",\"itemListElement\":[{\"@type\":\"ListItem\",\"position\":1,\"name\":\"Startseite\",\"item\":\"https:\\\/\\\/comquat.at\\\/\"},{\"@type\":\"ListItem\",\"position\":2,\"name\":\"Impressum\"}]},{\"@type\":\"WebSite\",\"@id\":\"https:\\\/\\\/www.comquat.at\\\/#website\",\"url\":\"https:\\\/\\\/www.comquat.at\\\/\",\"name\":\"Comquat Communications\",\"description\":\"Marketing funktioniert einfach.\",\"publisher\":{\"@id\":\"https:\\\/\\\/www.comquat.at\\\/#organization\"},\"potentialAction\":[{\"@type\":\"SearchAction\",\"target\":{\"@type\":\"EntryPoint\",\"urlTemplate\":\"https:\\\/\\\/www.comquat.at\\\/?s={search_term_string}\"},\"query-input\":{\"@type\":\"PropertyValueSpecification\",\"valueRequired\":true,\"valueName\":\"search_term_string\"}}],\"inLanguage\":\"en-US\"},{\"@type\":\"Organization\",\"@id\":\"https:\\\/\\\/www.comquat.at\\\/#organization\",\"name\":\"Christina Oehler | Comquat\",\"url\":\"https:\\\/\\\/www.comquat.at\\\/\",\"logo\":{\"@type\":\"ImageObject\",\"inLanguage\":\"en-US\",\"@id\":\"https:\\\/\\\/www.comquat.at\\\/#\\\/schema\\\/logo\\\/image\\\/\",\"url\":\"https:\\\/\\\/comquat.at\\\/wp-content\\\/uploads\\\/2020\\\/08\\\/comquat-logo_original.png\",\"contentUrl\":\"https:\\\/\\\/comquat.at\\\/wp-content\\\/uploads\\\/2020\\\/08\\\/comquat-logo_original.png\",\"width\":11439,\"height\":5109,\"caption\":\"Christina Oehler | Comquat\"},\"image\":{\"@id\":\"https:\\\/\\\/www.comquat.at\\\/#\\\/schema\\\/logo\\\/image\\\/\"}}]}<\/script>\n<!-- \/ Yoast SEO plugin. -->","yoast_head_json":{"title":"Impressum &#8211; Comquat Communications","robots":{"index":"index","follow":"follow","max-snippet":"max-snippet:-1","max-image-preview":"max-image-preview:large","max-video-preview":"max-video-preview:-1"},"canonical":"https:\/\/comquat.at\/en\/impressum\/","og_locale":"en_US","og_type":"article","og_title":"Impressum &#8211; Comquat Communications","og_description":"Impressum Mag. (FH) Christina\u00a0 OehlerComquat Communications Agentur f\u00fcr Werbe- und MarktkommunikationEinzelunternehmenUID: ATU76402705 M\u00fchlstra\u00dfe 11\/3, 7141 Podersdorf am SeeTelefon: +43 6991 920 70 75E-Mail: office@comquat.at Mitglied der WKO, Fachgruppe Werbung und Marktkommunikation Haftungsausschluss Haftung f\u00fcr Inhalte Die Inhalte unserer Seiten wurden mit gr\u00f6\u00dfter Sorgfalt erstellt. F\u00fcr die Richtigkeit, Vollst\u00e4ndigkeit und Aktualit\u00e4t der Inhalte k\u00f6nnen wir jedoch [&hellip;]","og_url":"https:\/\/comquat.at\/en\/impressum\/","og_site_name":"Comquat Communications","article_modified_time":"2023-10-23T06:11:08+00:00","twitter_card":"summary_large_image","twitter_misc":{"Est. reading time":"3 minutes"},"schema":{"@context":"https:\/\/schema.org","@graph":[{"@type":"WebPage","@id":"https:\/\/comquat.at\/impressum\/","url":"https:\/\/comquat.at\/impressum\/","name":"Impressum &#8211; Comquat Communications","isPartOf":{"@id":"https:\/\/www.comquat.at\/#website"},"datePublished":"2020-04-18T07:49:13+00:00","dateModified":"2023-10-23T06:11:08+00:00","breadcrumb":{"@id":"https:\/\/comquat.at\/impressum\/#breadcrumb"},"inLanguage":"en-US","potentialAction":[{"@type":"ReadAction","target":["https:\/\/comquat.at\/impressum\/"]}]},{"@type":"BreadcrumbList","@id":"https:\/\/comquat.at\/impressum\/#breadcrumb","itemListElement":[{"@type":"ListItem","position":1,"name":"Startseite","item":"https:\/\/comquat.at\/"},{"@type":"ListItem","position":2,"name":"Impressum"}]},{"@type":"WebSite","@id":"https:\/\/www.comquat.at\/#website","url":"https:\/\/www.comquat.at\/","name":"Comquat Communications","description":"Marketing funktioniert einfach.","publisher":{"@id":"https:\/\/www.comquat.at\/#organization"},"potentialAction":[{"@type":"SearchAction","target":{"@type":"EntryPoint","urlTemplate":"https:\/\/www.comquat.at\/?s={search_term_string}"},"query-input":{"@type":"PropertyValueSpecification","valueRequired":true,"valueName":"search_term_string"}}],"inLanguage":"en-US"},{"@type":"Organization","@id":"https:\/\/www.comquat.at\/#organization","name":"Christina Oehler | Comquat","url":"https:\/\/www.comquat.at\/","logo":{"@type":"ImageObject","inLanguage":"en-US","@id":"https:\/\/www.comquat.at\/#\/schema\/logo\/image\/","url":"https:\/\/comquat.at\/wp-content\/uploads\/2020\/08\/comquat-logo_original.png","contentUrl":"https:\/\/comquat.at\/wp-content\/uploads\/2020\/08\/comquat-logo_original.png","width":11439,"height":5109,"caption":"Christina Oehler | Comquat"},"image":{"@id":"https:\/\/www.comquat.at\/#\/schema\/logo\/image\/"}}]}},"_links":{"self":[{"href":"https:\/\/comquat.at\/en\/wp-json\/wp\/v2\/pages\/163","targetHints":{"allow":["GET"]}}],"collection":[{"href":"https:\/\/comquat.at\/en\/wp-json\/wp\/v2\/pages"}],"about":[{"href":"https:\/\/comquat.at\/en\/wp-json\/wp\/v2\/types\/page"}],"author":[{"embeddable":true,"href":"https:\/\/comquat.at\/en\/wp-json\/wp\/v2\/users\/2"}],"replies":[{"embeddable":true,"href":"https:\/\/comquat.at\/en\/wp-json\/wp\/v2\/comments?post=163"}],"version-history":[{"count":40,"href":"https:\/\/comquat.at\/en\/wp-json\/wp\/v2\/pages\/163\/revisions"}],"predecessor-version":[{"id":901,"href":"https:\/\/comquat.at\/en\/wp-json\/wp\/v2\/pages\/163\/revisions\/901"}],"wp:attachment":[{"href":"https:\/\/comquat.at\/en\/wp-json\/wp\/v2\/media?parent=163"}],"curies":[{"name":"wp","href":"https:\/\/api.w.org\/{rel}","templated":true}]}}